{"id":988315,"date":"2022-11-12T20:05:47","date_gmt":"2022-11-12T19:05:47","guid":{"rendered":"https:\/\/mariasy.hu\/?page_id=988315"},"modified":"2023-06-07T12:37:23","modified_gmt":"2023-06-07T10:37:23","slug":"webshop","status":"publish","type":"page","link":"https:\/\/mariasy.hu\/en\/webshop\/","title":{"rendered":"Webshop"},"content":{"rendered":"<div data-elementor-type=\"wp-page\" data-elementor-id=\"988315\" class=\"elementor elementor-988315\" data-elementor-post-type=\"page\">\n\t\t\t\t\t\t<section class=\"elementor-section elementor-top-section elementor-element elementor-element-b91ac49 elementor-section-boxed elementor-section-height-default elementor-section-height-default\" data-id=\"b91ac49\" data-element_type=\"section\" data-settings=\"{&quot;background_background&quot;:&quot;classic&quot;}\">\n\t\t\t\t\t\t<div class=\"elementor-container elementor-column-gap-default\">\n\t\t\t\t\t<div class=\"elementor-column elementor-col-100 elementor-top-column elementor-element elementor-element-da2ac9b\" data-id=\"da2ac9b\" data-element_type=\"column\">\n\t\t\t<div class=\"elementor-widget-wrap elementor-element-populated\">\n\t\t\t\t\t\t<div class=\"elementor-element elementor-element-bf5a71b elementor-widget elementor-widget-heading\" data-id=\"bf5a71b\" data-element_type=\"widget\" data-widget_type=\"heading.default\">\n\t\t\t\t<div class=\"elementor-widget-container\">\n\t\t\t<style>\/*! elementor - v3.20.0 - 14-02-2024 *\/\n.elementor-heading-title{padding:0;margin:0;line-height:1}.elementor-widget-heading .elementor-heading-title[class*=elementor-size-]>a{color:inherit;font-size:inherit;line-height:inherit}.elementor-widget-heading .elementor-heading-title.elementor-size-small{font-size:15px}.elementor-widget-heading .elementor-heading-title.elementor-size-medium{font-size:19px}.elementor-widget-heading .elementor-heading-title.elementor-size-large{font-size:29px}.elementor-widget-heading .elementor-heading-title.elementor-size-xl{font-size:39px}.elementor-widget-heading .elementor-heading-title.elementor-size-xxl{font-size:59px}<\/style><h2 class=\"elementor-heading-title elementor-size-default\">Webshop<\/h2>\t\t<\/div>\n\t\t\t\t<\/div>\n\t\t\t\t\t<\/div>\n\t\t<\/div>\n\t\t\t\t\t<\/div>\n\t\t<\/section>\n\t\t\t\t<section class=\"elementor-section elementor-top-section elementor-element elementor-element-4c97b7f elementor-section-boxed elementor-section-height-default elementor-section-height-default\" data-id=\"4c97b7f\" data-element_type=\"section\" data-settings=\"{&quot;background_background&quot;:&quot;classic&quot;}\">\n\t\t\t\t\t\t<div class=\"elementor-container elementor-column-gap-default\">\n\t\t\t\t\t<div class=\"elementor-column elementor-col-50 elementor-top-column elementor-element elementor-element-03f7f79\" data-id=\"03f7f79\" data-element_type=\"column\" data-settings=\"{&quot;background_background&quot;:&quot;classic&quot;}\">\n\t\t\t<div class=\"elementor-widget-wrap elementor-element-populated\">\n\t\t\t\t\t\t<div class=\"elementor-element elementor-element-e1095fb elementor-widget elementor-widget-heading\" data-id=\"e1095fb\" data-element_type=\"widget\" data-widget_type=\"heading.default\">\n\t\t\t\t<div class=\"elementor-widget-container\">\n\t\t\t<h2 class=\"elementor-heading-title elementor-size-default\">MARIASY<br>\nTOKAJI ASZ\u00da<\/h2>\t\t<\/div>\n\t\t\t\t<\/div>\n\t\t\t\t<div class=\"elementor-element elementor-element-c42845f elementor-widget elementor-widget-spacer\" data-id=\"c42845f\" data-element_type=\"widget\" data-widget_type=\"spacer.default\">\n\t\t\t\t<div class=\"elementor-widget-container\">\n\t\t\t<style>\/*! elementor - v3.20.0 - 14-02-2024 *\/\n.elementor-column .elementor-spacer-inner{height:var(--spacer-size)}.e-con{--container-widget-width:100%}.e-con-inner>.elementor-widget-spacer,.e-con>.elementor-widget-spacer{width:var(--container-widget-width,var(--spacer-size));--align-self:var(--container-widget-align-self,initial);--flex-shrink:0}.e-con-inner>.elementor-widget-spacer>.elementor-widget-container,.e-con>.elementor-widget-spacer>.elementor-widget-container{height:100%;width:100%}.e-con-inner>.elementor-widget-spacer>.elementor-widget-container>.elementor-spacer,.e-con>.elementor-widget-spacer>.elementor-widget-container>.elementor-spacer{height:100%}.e-con-inner>.elementor-widget-spacer>.elementor-widget-container>.elementor-spacer>.elementor-spacer-inner,.e-con>.elementor-widget-spacer>.elementor-widget-container>.elementor-spacer>.elementor-spacer-inner{height:var(--container-widget-height,var(--spacer-size))}.e-con-inner>.elementor-widget-spacer.elementor-widget-empty,.e-con>.elementor-widget-spacer.elementor-widget-empty{position:relative;min-height:22px;min-width:22px}.e-con-inner>.elementor-widget-spacer.elementor-widget-empty .elementor-widget-empty-icon,.e-con>.elementor-widget-spacer.elementor-widget-empty .elementor-widget-empty-icon{position:absolute;top:0;bottom:0;left:0;right:0;margin:auto;padding:0;width:22px;height:22px}<\/style>\t\t<div class=\"elementor-spacer\">\n\t\t\t<div class=\"elementor-spacer-inner\"><\/div>\n\t\t<\/div>\n\t\t\t\t<\/div>\n\t\t\t\t<\/div>\n\t\t\t\t<div class=\"elementor-element elementor-element-1fb89e6 elementor-align-center elementor-mobile-align-center elementor-widget elementor-widget-button\" data-id=\"1fb89e6\" data-element_type=\"widget\" data-widget_type=\"button.default\">\n\t\t\t\t<div class=\"elementor-widget-container\">\n\t\t\t\t\t<div class=\"elementor-button-wrapper\">\n\t\t\t<a class=\"elementor-button elementor-button-link elementor-size-sm\" href=\"https:\/\/mariasy.hu\/en\/webshop\/tokaji-aszu\/\">\n\t\t\t\t\t\t<span class=\"elementor-button-content-wrapper\">\n\t\t\t\t\t\t<span class=\"elementor-button-text\">Wines<\/span>\n\t\t<\/span>\n\t\t\t\t\t<\/a>\n\t\t<\/div>\n\t\t\t\t<\/div>\n\t\t\t\t<\/div>\n\t\t\t\t\t<\/div>\n\t\t<\/div>\n\t\t\t\t<div class=\"elementor-column elementor-col-50 elementor-top-column elementor-element elementor-element-b7b1ded\" data-id=\"b7b1ded\" data-element_type=\"column\" data-settings=\"{&quot;background_background&quot;:&quot;classic&quot;}\">\n\t\t\t<div class=\"elementor-widget-wrap elementor-element-populated\">\n\t\t\t\t\t\t<div class=\"elementor-element elementor-element-44259fe elementor-widget elementor-widget-heading\" data-id=\"44259fe\" data-element_type=\"widget\" data-widget_type=\"heading.default\">\n\t\t\t\t<div class=\"elementor-widget-container\">\n\t\t\t<h2 class=\"elementor-heading-title elementor-size-default\">MARIASY<br>FURMINT<\/h2>\t\t<\/div>\n\t\t\t\t<\/div>\n\t\t\t\t<div class=\"elementor-element elementor-element-b9f98a9 elementor-widget elementor-widget-spacer\" data-id=\"b9f98a9\" data-element_type=\"widget\" data-widget_type=\"spacer.default\">\n\t\t\t\t<div class=\"elementor-widget-container\">\n\t\t\t\t\t<div class=\"elementor-spacer\">\n\t\t\t<div class=\"elementor-spacer-inner\"><\/div>\n\t\t<\/div>\n\t\t\t\t<\/div>\n\t\t\t\t<\/div>\n\t\t\t\t<div class=\"elementor-element elementor-element-01e613f elementor-align-center elementor-mobile-align-center elementor-widget elementor-widget-button\" data-id=\"01e613f\" data-element_type=\"widget\" data-widget_type=\"button.default\">\n\t\t\t\t<div class=\"elementor-widget-container\">\n\t\t\t\t\t<div class=\"elementor-button-wrapper\">\n\t\t\t<a class=\"elementor-button elementor-button-link elementor-size-sm\" href=\"https:\/\/mariasy.hu\/en\/webshop\/furmint\/\">\n\t\t\t\t\t\t<span class=\"elementor-button-content-wrapper\">\n\t\t\t\t\t\t<span class=\"elementor-button-text\">Wines<\/span>\n\t\t<\/span>\n\t\t\t\t\t<\/a>\n\t\t<\/div>\n\t\t\t\t<\/div>\n\t\t\t\t<\/div>\n\t\t\t\t\t<\/div>\n\t\t<\/div>\n\t\t\t\t\t<\/div>\n\t\t<\/section>\n\t\t\t\t<section class=\"elementor-section elementor-top-section elementor-element elementor-element-61d8d5d elementor-section-boxed elementor-section-height-default elementor-section-height-default\" data-id=\"61d8d5d\" data-element_type=\"section\" data-settings=\"{&quot;background_background&quot;:&quot;classic&quot;}\">\n\t\t\t\t\t\t<div class=\"elementor-container elementor-column-gap-default\">\n\t\t\t\t\t<div class=\"elementor-column elementor-col-25 elementor-top-column elementor-element elementor-element-8d66a61\" data-id=\"8d66a61\" data-element_type=\"column\">\n\t\t\t<div class=\"elementor-widget-wrap\">\n\t\t\t\t\t\t\t<\/div>\n\t\t<\/div>\n\t\t\t\t<div class=\"elementor-column elementor-col-50 elementor-top-column elementor-element elementor-element-98768f6\" data-id=\"98768f6\" data-element_type=\"column\" data-settings=\"{&quot;background_background&quot;:&quot;classic&quot;}\">\n\t\t\t<div class=\"elementor-widget-wrap elementor-element-populated\">\n\t\t\t\t\t\t<div class=\"elementor-element elementor-element-7305300 elementor-widget elementor-widget-heading\" data-id=\"7305300\" data-element_type=\"widget\" data-widget_type=\"heading.default\">\n\t\t\t\t<div class=\"elementor-widget-container\">\n\t\t\t<h2 class=\"elementor-heading-title elementor-size-default\">MARIASY<br>SPARKLING\/ SEKT<\/h2>\t\t<\/div>\n\t\t\t\t<\/div>\n\t\t\t\t<div class=\"elementor-element elementor-element-83cf8ad elementor-widget elementor-widget-spacer\" data-id=\"83cf8ad\" data-element_type=\"widget\" data-widget_type=\"spacer.default\">\n\t\t\t\t<div class=\"elementor-widget-container\">\n\t\t\t\t\t<div class=\"elementor-spacer\">\n\t\t\t<div class=\"elementor-spacer-inner\"><\/div>\n\t\t<\/div>\n\t\t\t\t<\/div>\n\t\t\t\t<\/div>\n\t\t\t\t<div class=\"elementor-element elementor-element-a1b3eea elementor-align-center elementor-mobile-align-center elementor-widget elementor-widget-button\" data-id=\"a1b3eea\" data-element_type=\"widget\" data-widget_type=\"button.default\">\n\t\t\t\t<div class=\"elementor-widget-container\">\n\t\t\t\t\t<div class=\"elementor-button-wrapper\">\n\t\t\t<a class=\"elementor-button elementor-button-link elementor-size-sm\" href=\"https:\/\/mariasy.hu\/en\/webshop\/pezsgo\/\">\n\t\t\t\t\t\t<span class=\"elementor-button-content-wrapper\">\n\t\t\t\t\t\t<span class=\"elementor-button-text\">Wines<\/span>\n\t\t<\/span>\n\t\t\t\t\t<\/a>\n\t\t<\/div>\n\t\t\t\t<\/div>\n\t\t\t\t<\/div>\n\t\t\t\t\t<\/div>\n\t\t<\/div>\n\t\t\t\t<div class=\"elementor-column elementor-col-25 elementor-top-column elementor-element elementor-element-6e32c9a\" data-id=\"6e32c9a\" data-element_type=\"column\">\n\t\t\t<div class=\"elementor-widget-wrap\">\n\t\t\t\t\t\t\t<\/div>\n\t\t<\/div>\n\t\t\t\t\t<\/div>\n\t\t<\/section>\n\t\t\t\t<\/div>","protected":false},"excerpt":{"rendered":"<p>Webshop MARIASY TOKAJI ASZ\u00da t\u00e9telek MARIASYFURMINT t\u00e9telek MARIASYPEZSG\u0150\/ SEKT t\u00e9telek<\/p>","protected":false},"author":6387,"featured_media":0,"parent":0,"menu_order":6,"comment_status":"closed","ping_status":"closed","template":"","meta":{"footnotes":""},"class_list":["post-988315","page","type-page","status-publish","hentry"],"yoast_head":"<!-- This site is optimized with the Yoast SEO plugin v22.0 - https:\/\/yoast.com\/wordpress\/plugins\/seo\/ -->\n<title>Webshop - Mariasy<\/title>\n<meta name=\"robots\" content=\"index, follow, max-snippet:-1, max-image-preview:large, max-video-preview:-1\" \/>\n<link rel=\"canonical\" href=\"https:\/\/mariasy.hu\/en\/webshop\/\" \/>\n<meta property=\"og:locale\" content=\"en_GB\" \/>\n<meta property=\"og:type\" content=\"article\" \/>\n<meta property=\"og:title\" content=\"Webshop - Mariasy\" \/>\n<meta property=\"og:description\" content=\"Webshop MARIASY TOKAJI ASZ\u00da t\u00e9telek MARIASYFURMINT t\u00e9telek MARIASYPEZSG\u0150\/ SEKT t\u00e9telek\" \/>\n<meta property=\"og:url\" content=\"https:\/\/mariasy.hu\/en\/webshop\/\" \/>\n<meta property=\"og:site_name\" content=\"Mariasy\" \/>\n<meta property=\"article:modified_time\" content=\"2023-06-07T10:37:23+00:00\" \/>\n<meta name=\"twitter:card\" content=\"summary_large_image\" \/>\n<meta name=\"twitter:label1\" content=\"Estimated reading time\" \/>\n\t<meta name=\"twitter:data1\" content=\"1 minute\" \/>\n<script type=\"application\/ld+json\" class=\"yoast-schema-graph\">{\"@context\":\"https:\/\/schema.org\",\"@graph\":[{\"@type\":\"WebPage\",\"@id\":\"https:\/\/mariasy.hu\/webshop\/\",\"url\":\"https:\/\/mariasy.hu\/webshop\/\",\"name\":\"Webshop - Mariasy\",\"isPartOf\":{\"@id\":\"https:\/\/mariasy.hu\/#website\"},\"datePublished\":\"2022-11-12T19:05:47+00:00\",\"dateModified\":\"2023-06-07T10:37:23+00:00\",\"breadcrumb\":{\"@id\":\"https:\/\/mariasy.hu\/webshop\/#breadcrumb\"},\"inLanguage\":\"en-GB\",\"potentialAction\":[{\"@type\":\"ReadAction\",\"target\":[\"https:\/\/mariasy.hu\/webshop\/\"]}]},{\"@type\":\"BreadcrumbList\",\"@id\":\"https:\/\/mariasy.hu\/webshop\/#breadcrumb\",\"itemListElement\":[{\"@type\":\"ListItem\",\"position\":1,\"name\":\"Home\",\"item\":\"https:\/\/mariasy.hu\/\"},{\"@type\":\"ListItem\",\"position\":2,\"name\":\"Webshop\"}]},{\"@type\":\"WebSite\",\"@id\":\"https:\/\/mariasy.hu\/#website\",\"url\":\"https:\/\/mariasy.hu\/\",\"name\":\"Mariasy\",\"description\":\"Tokaj Winery\",\"publisher\":{\"@id\":\"https:\/\/mariasy.hu\/#organization\"},\"potentialAction\":[{\"@type\":\"SearchAction\",\"target\":{\"@type\":\"EntryPoint\",\"urlTemplate\":\"https:\/\/mariasy.hu\/?s={search_term_string}\"},\"query-input\":\"required name=search_term_string\"}],\"inLanguage\":\"en-GB\"},{\"@type\":\"Organization\",\"@id\":\"https:\/\/mariasy.hu\/#organization\",\"name\":\"Mariasy\",\"url\":\"https:\/\/mariasy.hu\/\",\"logo\":{\"@type\":\"ImageObject\",\"inLanguage\":\"en-GB\",\"@id\":\"https:\/\/mariasy.hu\/#\/schema\/logo\/image\/\",\"url\":\"https:\/\/mariasy.hu\/wp-content\/uploads\/2022\/11\/MARIASY-LOGO.jpg\",\"contentUrl\":\"https:\/\/mariasy.hu\/wp-content\/uploads\/2022\/11\/MARIASY-LOGO.jpg\",\"width\":500,\"height\":500,\"caption\":\"Mariasy\"},\"image\":{\"@id\":\"https:\/\/mariasy.hu\/#\/schema\/logo\/image\/\"}}]}<\/script>\n<!-- \/ Yoast SEO plugin. -->","yoast_head_json":{"title":"Webshop - Mariasy","robots":{"index":"index","follow":"follow","max-snippet":"max-snippet:-1","max-image-preview":"max-image-preview:large","max-video-preview":"max-video-preview:-1"},"canonical":"https:\/\/mariasy.hu\/en\/webshop\/","og_locale":"en_GB","og_type":"article","og_title":"Webshop - Mariasy","og_description":"Webshop MARIASY TOKAJI ASZ\u00da t\u00e9telek MARIASYFURMINT t\u00e9telek MARIASYPEZSG\u0150\/ SEKT t\u00e9telek","og_url":"https:\/\/mariasy.hu\/en\/webshop\/","og_site_name":"Mariasy","article_modified_time":"2023-06-07T10:37:23+00:00","twitter_card":"summary_large_image","twitter_misc":{"Estimated reading time":"1 minute"},"schema":{"@context":"https:\/\/schema.org","@graph":[{"@type":"WebPage","@id":"https:\/\/mariasy.hu\/webshop\/","url":"https:\/\/mariasy.hu\/webshop\/","name":"Webshop - Mariasy","isPartOf":{"@id":"https:\/\/mariasy.hu\/#website"},"datePublished":"2022-11-12T19:05:47+00:00","dateModified":"2023-06-07T10:37:23+00:00","breadcrumb":{"@id":"https:\/\/mariasy.hu\/webshop\/#breadcrumb"},"inLanguage":"en-GB","potentialAction":[{"@type":"ReadAction","target":["https:\/\/mariasy.hu\/webshop\/"]}]},{"@type":"BreadcrumbList","@id":"https:\/\/mariasy.hu\/webshop\/#breadcrumb","itemListElement":[{"@type":"ListItem","position":1,"name":"Home","item":"https:\/\/mariasy.hu\/"},{"@type":"ListItem","position":2,"name":"Webshop"}]},{"@type":"WebSite","@id":"https:\/\/mariasy.hu\/#website","url":"https:\/\/mariasy.hu\/","name":"Mariasy","description":"Tokaj Winery","publisher":{"@id":"https:\/\/mariasy.hu\/#organization"},"potentialAction":[{"@type":"SearchAction","target":{"@type":"EntryPoint","urlTemplate":"https:\/\/mariasy.hu\/?s={search_term_string}"},"query-input":"required name=search_term_string"}],"inLanguage":"en-GB"},{"@type":"Organization","@id":"https:\/\/mariasy.hu\/#organization","name":"Mariasy","url":"https:\/\/mariasy.hu\/","logo":{"@type":"ImageObject","inLanguage":"en-GB","@id":"https:\/\/mariasy.hu\/#\/schema\/logo\/image\/","url":"https:\/\/mariasy.hu\/wp-content\/uploads\/2022\/11\/MARIASY-LOGO.jpg","contentUrl":"https:\/\/mariasy.hu\/wp-content\/uploads\/2022\/11\/MARIASY-LOGO.jpg","width":500,"height":500,"caption":"Mariasy"},"image":{"@id":"https:\/\/mariasy.hu\/#\/schema\/logo\/image\/"}}]}},"_links":{"self":[{"href":"https:\/\/mariasy.hu\/en\/wp-json\/wp\/v2\/pages\/988315","targetHints":{"allow":["GET"]}}],"collection":[{"href":"https:\/\/mariasy.hu\/en\/wp-json\/wp\/v2\/pages"}],"about":[{"href":"https:\/\/mariasy.hu\/en\/wp-json\/wp\/v2\/types\/page"}],"author":[{"embeddable":true,"href":"https:\/\/mariasy.hu\/en\/wp-json\/wp\/v2\/users\/6387"}],"replies":[{"embeddable":true,"href":"https:\/\/mariasy.hu\/en\/wp-json\/wp\/v2\/comments?post=988315"}],"version-history":[{"count":25,"href":"https:\/\/mariasy.hu\/en\/wp-json\/wp\/v2\/pages\/988315\/revisions"}],"predecessor-version":[{"id":988865,"href":"https:\/\/mariasy.hu\/en\/wp-json\/wp\/v2\/pages\/988315\/revisions\/988865"}],"wp:attachment":[{"href":"https:\/\/mariasy.hu\/en\/wp-json\/wp\/v2\/media?parent=988315"}],"curies":[{"name":"wp","href":"https:\/\/api.w.org\/{rel}","templated":true}]}}