{"id":988746,"date":"2023-06-07T10:14:37","date_gmt":"2023-06-07T08:14:37","guid":{"rendered":"https:\/\/mariasy.hu\/?page_id=988746"},"modified":"2023-07-24T10:32:19","modified_gmt":"2023-07-24T08:32:19","slug":"pezsgo","status":"publish","type":"page","link":"https:\/\/mariasy.hu\/en\/webshop\/pezsgo\/","title":{"rendered":"SPARKLING"},"content":{"rendered":"<div data-elementor-type=\"wp-page\" data-elementor-id=\"988746\" class=\"elementor elementor-988746\" data-elementor-post-type=\"page\">\n\t\t\t\t\t\t<section class=\"elementor-section elementor-top-section elementor-element elementor-element-c1a8a17 elementor-section-boxed elementor-section-height-default elementor-section-height-default\" data-id=\"c1a8a17\" data-element_type=\"section\" data-settings=\"{&quot;background_background&quot;:&quot;classic&quot;}\">\n\t\t\t\t\t\t<div class=\"elementor-container elementor-column-gap-default\">\n\t\t\t\t\t<div class=\"elementor-column elementor-col-100 elementor-top-column elementor-element elementor-element-537a80e\" data-id=\"537a80e\" data-element_type=\"column\">\n\t\t\t<div class=\"elementor-widget-wrap elementor-element-populated\">\n\t\t\t\t\t\t<div class=\"elementor-element elementor-element-d30e888 elementor-widget elementor-widget-heading\" data-id=\"d30e888\" data-element_type=\"widget\" data-widget_type=\"heading.default\">\n\t\t\t\t<div class=\"elementor-widget-container\">\n\t\t\t<style>\/*! elementor - v3.20.0 - 14-02-2024 *\/\n.elementor-heading-title{padding:0;margin:0;line-height:1}.elementor-widget-heading .elementor-heading-title[class*=elementor-size-]>a{color:inherit;font-size:inherit;line-height:inherit}.elementor-widget-heading .elementor-heading-title.elementor-size-small{font-size:15px}.elementor-widget-heading .elementor-heading-title.elementor-size-medium{font-size:19px}.elementor-widget-heading .elementor-heading-title.elementor-size-large{font-size:29px}.elementor-widget-heading .elementor-heading-title.elementor-size-xl{font-size:39px}.elementor-widget-heading .elementor-heading-title.elementor-size-xxl{font-size:59px}<\/style><h2 class=\"elementor-heading-title elementor-size-default\">Webshop<\/h2>\t\t<\/div>\n\t\t\t\t<\/div>\n\t\t\t\t\t<\/div>\n\t\t<\/div>\n\t\t\t\t\t<\/div>\n\t\t<\/section>\n\t\t\t\t<section class=\"elementor-section elementor-top-section elementor-element elementor-element-b815a8b elementor-section-boxed elementor-section-height-default elementor-section-height-default\" data-id=\"b815a8b\" data-element_type=\"section\" data-settings=\"{&quot;background_background&quot;:&quot;classic&quot;}\">\n\t\t\t\t\t\t<div class=\"elementor-container elementor-column-gap-default\">\n\t\t\t\t\t<div class=\"elementor-column elementor-col-33 elementor-top-column elementor-element elementor-element-192b067\" data-id=\"192b067\" data-element_type=\"column\">\n\t\t\t<div class=\"elementor-widget-wrap elementor-element-populated\">\n\t\t\t\t\t\t<div class=\"elementor-element elementor-element-9bbc687 elementor-widget elementor-widget-heading\" data-id=\"9bbc687\" data-element_type=\"widget\" data-widget_type=\"heading.default\">\n\t\t\t\t<div class=\"elementor-widget-container\">\n\t\t\t<div class=\"elementor-heading-title elementor-size-default\"><a href=\"https:\/\/mariasy.hu\/en\/webshop\/tokaji-aszu\/\">tokaji asz\u00fa<\/a><\/div>\t\t<\/div>\n\t\t\t\t<\/div>\n\t\t\t\t\t<\/div>\n\t\t<\/div>\n\t\t\t\t<div class=\"elementor-column elementor-col-33 elementor-top-column elementor-element elementor-element-7743f7e\" data-id=\"7743f7e\" data-element_type=\"column\">\n\t\t\t<div class=\"elementor-widget-wrap elementor-element-populated\">\n\t\t\t\t\t\t<div class=\"elementor-element elementor-element-e815639 elementor-widget elementor-widget-heading\" data-id=\"e815639\" data-element_type=\"widget\" data-widget_type=\"heading.default\">\n\t\t\t\t<div class=\"elementor-widget-container\">\n\t\t\t<div class=\"elementor-heading-title elementor-size-default\"><a href=\"https:\/\/mariasy.hu\/en\/webshop\/pezsgo\/\">Sparkling<\/a><\/div>\t\t<\/div>\n\t\t\t\t<\/div>\n\t\t\t\t\t<\/div>\n\t\t<\/div>\n\t\t\t\t<div class=\"elementor-column elementor-col-33 elementor-top-column elementor-element elementor-element-8c0510a\" data-id=\"8c0510a\" data-element_type=\"column\">\n\t\t\t<div class=\"elementor-widget-wrap elementor-element-populated\">\n\t\t\t\t\t\t<div class=\"elementor-element elementor-element-a838268 elementor-widget elementor-widget-heading\" data-id=\"a838268\" data-element_type=\"widget\" data-widget_type=\"heading.default\">\n\t\t\t\t<div class=\"elementor-widget-container\">\n\t\t\t<div class=\"elementor-heading-title elementor-size-default\"><a href=\"https:\/\/mariasy.hu\/en\/webshop\/furmint\/\">furmint<\/a><\/div>\t\t<\/div>\n\t\t\t\t<\/div>\n\t\t\t\t\t<\/div>\n\t\t<\/div>\n\t\t\t\t\t<\/div>\n\t\t<\/section>\n\t\t\t\t<section class=\"elementor-section elementor-top-section elementor-element elementor-element-5dcecbd elementor-section-boxed elementor-section-height-default elementor-section-height-default\" data-id=\"5dcecbd\" data-element_type=\"section\" data-settings=\"{&quot;background_background&quot;:&quot;classic&quot;}\">\n\t\t\t\t\t\t<div class=\"elementor-container elementor-column-gap-default\">\n\t\t\t\t\t<div class=\"elementor-column elementor-col-50 elementor-top-column elementor-element elementor-element-2aac999\" data-id=\"2aac999\" data-element_type=\"column\" data-settings=\"{&quot;background_background&quot;:&quot;classic&quot;}\">\n\t\t\t<div class=\"elementor-widget-wrap elementor-element-populated\">\n\t\t\t\t\t\t<section class=\"elementor-section elementor-inner-section elementor-element elementor-element-865e88b elementor-section-boxed elementor-section-height-default elementor-section-height-default\" data-id=\"865e88b\" data-element_type=\"section\">\n\t\t\t\t\t\t<div class=\"elementor-container elementor-column-gap-default\">\n\t\t\t\t\t<div class=\"elementor-column elementor-col-50 elementor-inner-column elementor-element elementor-element-5fe76be\" data-id=\"5fe76be\" data-element_type=\"column\">\n\t\t\t<div class=\"elementor-widget-wrap elementor-element-populated\">\n\t\t\t\t\t\t<div class=\"elementor-element elementor-element-abf7fce elementor-widget elementor-widget-image\" data-id=\"abf7fce\" data-element_type=\"widget\" data-widget_type=\"image.default\">\n\t\t\t\t<div class=\"elementor-widget-container\">\n\t\t\t<style>\/*! elementor - v3.20.0 - 14-02-2024 *\/\n.elementor-widget-image{text-align:center}.elementor-widget-image a{display:inline-block}.elementor-widget-image a img[src$=\".svg\"]{width:48px}.elementor-widget-image img{vertical-align:middle;display:inline-block}<\/style>\t\t\t\t<div class=\"elementor-image\">\n\t\t\t\t\t\t\t\t\t\t\t\t\t\t\t\t\t\t\t\t\t<img fetchpriority=\"high\" decoding=\"async\" width=\"563\" height=\"820\" src=\"https:\/\/mariasy.hu\/wp-content\/uploads\/2022\/11\/mariasy_palack_pezsgo_orig.jpg\" class=\"attachment-full size-full wp-image-988134\" alt=\"\" srcset=\"https:\/\/mariasy.hu\/wp-content\/uploads\/2022\/11\/mariasy_palack_pezsgo_orig.jpg 563w, https:\/\/mariasy.hu\/wp-content\/uploads\/2022\/11\/mariasy_palack_pezsgo_orig-295x430.jpg 295w, https:\/\/mariasy.hu\/wp-content\/uploads\/2022\/11\/mariasy_palack_pezsgo_orig-206x300.jpg 206w\" sizes=\"(max-width: 563px) 100vw, 563px\" \/>\t\t\t\t\t\t\t\t\t\t\t\t\t\t\t\t\t\t\t\t\t\t\t\t<\/div>\n\t\t\t\t\t\t<\/div>\n\t\t\t\t<\/div>\n\t\t\t\t\t<\/div>\n\t\t<\/div>\n\t\t\t\t<div class=\"elementor-column elementor-col-50 elementor-inner-column elementor-element elementor-element-5c23c55\" data-id=\"5c23c55\" data-element_type=\"column\">\n\t\t\t<div class=\"elementor-widget-wrap elementor-element-populated\">\n\t\t\t\t\t\t<div class=\"elementor-element elementor-element-39f9b39 elementor-widget elementor-widget-heading\" data-id=\"39f9b39\" data-element_type=\"widget\" data-widget_type=\"heading.default\">\n\t\t\t\t<div class=\"elementor-widget-container\">\n\t\t\t<h3 class=\"elementor-heading-title elementor-size-default\">MARIASY SPARKLING \/ SEKT<\/h3>\t\t<\/div>\n\t\t\t\t<\/div>\n\t\t\t\t<div class=\"elementor-element elementor-element-757fa02 elementor-widget elementor-widget-heading\" data-id=\"757fa02\" data-element_type=\"widget\" data-widget_type=\"heading.default\">\n\t\t\t\t<div class=\"elementor-widget-container\">\n\t\t\t<h3 class=\"elementor-heading-title elementor-size-default\">CR\u00c9MANT de FURMINT<\/h3>\t\t<\/div>\n\t\t\t\t<\/div>\n\t\t\t\t<div class=\"elementor-element elementor-element-384f2ce elementor-widget-divider--view-line elementor-widget elementor-widget-divider\" data-id=\"384f2ce\" data-element_type=\"widget\" data-widget_type=\"divider.default\">\n\t\t\t\t<div class=\"elementor-widget-container\">\n\t\t\t<style>\/*! elementor - v3.20.0 - 14-02-2024 *\/\n.elementor-widget-divider{--divider-border-style:none;--divider-border-width:1px;--divider-color:#0c0d0e;--divider-icon-size:20px;--divider-element-spacing:10px;--divider-pattern-height:24px;--divider-pattern-size:20px;--divider-pattern-url:none;--divider-pattern-repeat:repeat-x}.elementor-widget-divider .elementor-divider{display:flex}.elementor-widget-divider .elementor-divider__text{font-size:15px;line-height:1;max-width:95%}.elementor-widget-divider .elementor-divider__element{margin:0 var(--divider-element-spacing);flex-shrink:0}.elementor-widget-divider .elementor-icon{font-size:var(--divider-icon-size)}.elementor-widget-divider .elementor-divider-separator{display:flex;margin:0;direction:ltr}.elementor-widget-divider--view-line_icon .elementor-divider-separator,.elementor-widget-divider--view-line_text .elementor-divider-separator{align-items:center}.elementor-widget-divider--view-line_icon .elementor-divider-separator:after,.elementor-widget-divider--view-line_icon .elementor-divider-separator:before,.elementor-widget-divider--view-line_text .elementor-divider-separator:after,.elementor-widget-divider--view-line_text .elementor-divider-separator:before{display:block;content:\"\";border-block-end:0;flex-grow:1;border-block-start:var(--divider-border-width) var(--divider-border-style) var(--divider-color)}.elementor-widget-divider--element-align-left .elementor-divider .elementor-divider-separator>.elementor-divider__svg:first-of-type{flex-grow:0;flex-shrink:100}.elementor-widget-divider--element-align-left .elementor-divider-separator:before{content:none}.elementor-widget-divider--element-align-left .elementor-divider__element{margin-left:0}.elementor-widget-divider--element-align-right .elementor-divider .elementor-divider-separator>.elementor-divider__svg:last-of-type{flex-grow:0;flex-shrink:100}.elementor-widget-divider--element-align-right .elementor-divider-separator:after{content:none}.elementor-widget-divider--element-align-right .elementor-divider__element{margin-right:0}.elementor-widget-divider--element-align-start .elementor-divider .elementor-divider-separator>.elementor-divider__svg:first-of-type{flex-grow:0;flex-shrink:100}.elementor-widget-divider--element-align-start .elementor-divider-separator:before{content:none}.elementor-widget-divider--element-align-start .elementor-divider__element{margin-inline-start:0}.elementor-widget-divider--element-align-end .elementor-divider .elementor-divider-separator>.elementor-divider__svg:last-of-type{flex-grow:0;flex-shrink:100}.elementor-widget-divider--element-align-end .elementor-divider-separator:after{content:none}.elementor-widget-divider--element-align-end .elementor-divider__element{margin-inline-end:0}.elementor-widget-divider:not(.elementor-widget-divider--view-line_text):not(.elementor-widget-divider--view-line_icon) .elementor-divider-separator{border-block-start:var(--divider-border-width) var(--divider-border-style) var(--divider-color)}.elementor-widget-divider--separator-type-pattern{--divider-border-style:none}.elementor-widget-divider--separator-type-pattern.elementor-widget-divider--view-line .elementor-divider-separator,.elementor-widget-divider--separator-type-pattern:not(.elementor-widget-divider--view-line) .elementor-divider-separator:after,.elementor-widget-divider--separator-type-pattern:not(.elementor-widget-divider--view-line) .elementor-divider-separator:before,.elementor-widget-divider--separator-type-pattern:not([class*=elementor-widget-divider--view]) .elementor-divider-separator{width:100%;min-height:var(--divider-pattern-height);-webkit-mask-size:var(--divider-pattern-size) 100%;mask-size:var(--divider-pattern-size) 100%;-webkit-mask-repeat:var(--divider-pattern-repeat);mask-repeat:var(--divider-pattern-repeat);background-color:var(--divider-color);-webkit-mask-image:var(--divider-pattern-url);mask-image:var(--divider-pattern-url)}.elementor-widget-divider--no-spacing{--divider-pattern-size:auto}.elementor-widget-divider--bg-round{--divider-pattern-repeat:round}.rtl .elementor-widget-divider .elementor-divider__text{direction:rtl}.e-con-inner>.elementor-widget-divider,.e-con>.elementor-widget-divider{width:var(--container-widget-width,100%);--flex-grow:var(--container-widget-flex-grow)}<\/style>\t\t<div class=\"elementor-divider\">\n\t\t\t<span class=\"elementor-divider-separator\">\n\t\t\t\t\t\t<\/span>\n\t\t<\/div>\n\t\t\t\t<\/div>\n\t\t\t\t<\/div>\n\t\t\t\t<div class=\"elementor-element elementor-element-fd73656 elementor-widget elementor-widget-spacer\" data-id=\"fd73656\" data-element_type=\"widget\" data-widget_type=\"spacer.default\">\n\t\t\t\t<div class=\"elementor-widget-container\">\n\t\t\t<style>\/*! elementor - v3.20.0 - 14-02-2024 *\/\n.elementor-column .elementor-spacer-inner{height:var(--spacer-size)}.e-con{--container-widget-width:100%}.e-con-inner>.elementor-widget-spacer,.e-con>.elementor-widget-spacer{width:var(--container-widget-width,var(--spacer-size));--align-self:var(--container-widget-align-self,initial);--flex-shrink:0}.e-con-inner>.elementor-widget-spacer>.elementor-widget-container,.e-con>.elementor-widget-spacer>.elementor-widget-container{height:100%;width:100%}.e-con-inner>.elementor-widget-spacer>.elementor-widget-container>.elementor-spacer,.e-con>.elementor-widget-spacer>.elementor-widget-container>.elementor-spacer{height:100%}.e-con-inner>.elementor-widget-spacer>.elementor-widget-container>.elementor-spacer>.elementor-spacer-inner,.e-con>.elementor-widget-spacer>.elementor-widget-container>.elementor-spacer>.elementor-spacer-inner{height:var(--container-widget-height,var(--spacer-size))}.e-con-inner>.elementor-widget-spacer.elementor-widget-empty,.e-con>.elementor-widget-spacer.elementor-widget-empty{position:relative;min-height:22px;min-width:22px}.e-con-inner>.elementor-widget-spacer.elementor-widget-empty .elementor-widget-empty-icon,.e-con>.elementor-widget-spacer.elementor-widget-empty .elementor-widget-empty-icon{position:absolute;top:0;bottom:0;left:0;right:0;margin:auto;padding:0;width:22px;height:22px}<\/style>\t\t<div class=\"elementor-spacer\">\n\t\t\t<div class=\"elementor-spacer-inner\"><\/div>\n\t\t<\/div>\n\t\t\t\t<\/div>\n\t\t\t\t<\/div>\n\t\t\t\t<div class=\"elementor-element elementor-element-16e9dba elementor-align-center elementor-mobile-align-center elementor-widget elementor-widget-button\" data-id=\"16e9dba\" data-element_type=\"widget\" data-widget_type=\"button.default\">\n\t\t\t\t<div class=\"elementor-widget-container\">\n\t\t\t\t\t<div class=\"elementor-button-wrapper\">\n\t\t\t<a class=\"elementor-button elementor-button-link elementor-size-sm\" href=\"https:\/\/mariasy.hu\/en\/product\/mariasy-pezsgo-sekt-brut-cremant-de-furmint-2019\/\">\n\t\t\t\t\t\t<span class=\"elementor-button-content-wrapper\">\n\t\t\t\t\t\t<span class=\"elementor-button-text\">Details<\/span>\n\t\t<\/span>\n\t\t\t\t\t<\/a>\n\t\t<\/div>\n\t\t\t\t<\/div>\n\t\t\t\t<\/div>\n\t\t\t\t<div class=\"elementor-element elementor-element-f09f8c3 elementor-widget elementor-widget-spacer\" data-id=\"f09f8c3\" data-element_type=\"widget\" data-widget_type=\"spacer.default\">\n\t\t\t\t<div class=\"elementor-widget-container\">\n\t\t\t\t\t<div class=\"elementor-spacer\">\n\t\t\t<div class=\"elementor-spacer-inner\"><\/div>\n\t\t<\/div>\n\t\t\t\t<\/div>\n\t\t\t\t<\/div>\n\t\t\t\t<div class=\"elementor-element elementor-element-67c3070 elementor-align-center elementor-mobile-align-center elementor-widget elementor-widget-button\" data-id=\"67c3070\" data-element_type=\"widget\" data-widget_type=\"button.default\">\n\t\t\t\t<div class=\"elementor-widget-container\">\n\t\t\t\t\t<div class=\"elementor-button-wrapper\">\n\t\t\t<a class=\"elementor-button elementor-button-link elementor-size-sm\" href=\"https:\/\/mariasy.borbolt.hu\/\">\n\t\t\t\t\t\t<span class=\"elementor-button-content-wrapper\">\n\t\t\t\t\t\t<span class=\"elementor-button-text\">Buy<\/span>\n\t\t<\/span>\n\t\t\t\t\t<\/a>\n\t\t<\/div>\n\t\t\t\t<\/div>\n\t\t\t\t<\/div>\n\t\t\t\t\t<\/div>\n\t\t<\/div>\n\t\t\t\t\t<\/div>\n\t\t<\/section>\n\t\t\t\t\t<\/div>\n\t\t<\/div>\n\t\t\t\t<div class=\"elementor-column elementor-col-50 elementor-top-column elementor-element elementor-element-56e046e\" data-id=\"56e046e\" data-element_type=\"column\">\n\t\t\t<div class=\"elementor-widget-wrap\">\n\t\t\t\t\t\t\t<\/div>\n\t\t<\/div>\n\t\t\t\t\t<\/div>\n\t\t<\/section>\n\t\t\t\t<\/div>","protected":false},"excerpt":{"rendered":"<p>Webshop tokaji asz\u00fa pezsg\u0151 furmint MARIASY PEZSG\u0150\/ SEKT CR\u00c9MANT de FURMINT r\u00e9szletek v\u00e1s\u00e1rl\u00e1s<\/p>","protected":false},"author":6387,"featured_media":0,"parent":988315,"menu_order":3,"comment_status":"closed","ping_status":"closed","template":"","meta":{"footnotes":""},"class_list":["post-988746","page","type-page","status-publish","hentry"],"yoast_head":"<!-- This site is optimized with the Yoast SEO plugin v22.0 - https:\/\/yoast.com\/wordpress\/plugins\/seo\/ -->\n<title>Pezsg\u0151 - Mariasy<\/title>\n<meta name=\"robots\" content=\"index, follow, max-snippet:-1, max-image-preview:large, max-video-preview:-1\" \/>\n<link rel=\"canonical\" href=\"https:\/\/mariasy.hu\/en\/webshop\/pezsgo\/\" \/>\n<meta property=\"og:locale\" content=\"en_GB\" \/>\n<meta property=\"og:type\" content=\"article\" \/>\n<meta property=\"og:title\" content=\"Pezsg\u0151 - Mariasy\" \/>\n<meta property=\"og:description\" content=\"Webshop tokaji asz\u00fa pezsg\u0151 furmint MARIASY PEZSG\u0150\/ SEKT CR\u00c9MANT de FURMINT r\u00e9szletek v\u00e1s\u00e1rl\u00e1s\" \/>\n<meta property=\"og:url\" content=\"https:\/\/mariasy.hu\/en\/webshop\/pezsgo\/\" \/>\n<meta property=\"og:site_name\" content=\"Mariasy\" \/>\n<meta property=\"article:modified_time\" content=\"2023-07-24T08:32:19+00:00\" \/>\n<meta property=\"og:image\" content=\"https:\/\/mariasy.hu\/wp-content\/uploads\/2022\/11\/mariasy_palack_pezsgo_orig.jpg\" \/>\n<meta name=\"twitter:card\" content=\"summary_large_image\" \/>\n<meta name=\"twitter:label1\" content=\"Estimated reading time\" \/>\n\t<meta name=\"twitter:data1\" content=\"1 minute\" \/>\n<script type=\"application\/ld+json\" class=\"yoast-schema-graph\">{\"@context\":\"https:\/\/schema.org\",\"@graph\":[{\"@type\":\"WebPage\",\"@id\":\"https:\/\/mariasy.hu\/webshop\/pezsgo\/\",\"url\":\"https:\/\/mariasy.hu\/webshop\/pezsgo\/\",\"name\":\"Pezsg\u0151 - Mariasy\",\"isPartOf\":{\"@id\":\"https:\/\/mariasy.hu\/#website\"},\"datePublished\":\"2023-06-07T08:14:37+00:00\",\"dateModified\":\"2023-07-24T08:32:19+00:00\",\"breadcrumb\":{\"@id\":\"https:\/\/mariasy.hu\/webshop\/pezsgo\/#breadcrumb\"},\"inLanguage\":\"en-GB\",\"potentialAction\":[{\"@type\":\"ReadAction\",\"target\":[\"https:\/\/mariasy.hu\/webshop\/pezsgo\/\"]}]},{\"@type\":\"BreadcrumbList\",\"@id\":\"https:\/\/mariasy.hu\/webshop\/pezsgo\/#breadcrumb\",\"itemListElement\":[{\"@type\":\"ListItem\",\"position\":1,\"name\":\"Home\",\"item\":\"https:\/\/mariasy.hu\/\"},{\"@type\":\"ListItem\",\"position\":2,\"name\":\"Webshop\",\"item\":\"https:\/\/mariasy.hu\/webshop\/\"},{\"@type\":\"ListItem\",\"position\":3,\"name\":\"Pezsg\u0151\"}]},{\"@type\":\"WebSite\",\"@id\":\"https:\/\/mariasy.hu\/#website\",\"url\":\"https:\/\/mariasy.hu\/\",\"name\":\"Mariasy\",\"description\":\"Tokaj Winery\",\"publisher\":{\"@id\":\"https:\/\/mariasy.hu\/#organization\"},\"potentialAction\":[{\"@type\":\"SearchAction\",\"target\":{\"@type\":\"EntryPoint\",\"urlTemplate\":\"https:\/\/mariasy.hu\/?s={search_term_string}\"},\"query-input\":\"required name=search_term_string\"}],\"inLanguage\":\"en-GB\"},{\"@type\":\"Organization\",\"@id\":\"https:\/\/mariasy.hu\/#organization\",\"name\":\"Mariasy\",\"url\":\"https:\/\/mariasy.hu\/\",\"logo\":{\"@type\":\"ImageObject\",\"inLanguage\":\"en-GB\",\"@id\":\"https:\/\/mariasy.hu\/#\/schema\/logo\/image\/\",\"url\":\"https:\/\/mariasy.hu\/wp-content\/uploads\/2022\/11\/MARIASY-LOGO.jpg\",\"contentUrl\":\"https:\/\/mariasy.hu\/wp-content\/uploads\/2022\/11\/MARIASY-LOGO.jpg\",\"width\":500,\"height\":500,\"caption\":\"Mariasy\"},\"image\":{\"@id\":\"https:\/\/mariasy.hu\/#\/schema\/logo\/image\/\"}}]}<\/script>\n<!-- \/ Yoast SEO plugin. -->","yoast_head_json":{"title":"Pezsg\u0151 - Mariasy","robots":{"index":"index","follow":"follow","max-snippet":"max-snippet:-1","max-image-preview":"max-image-preview:large","max-video-preview":"max-video-preview:-1"},"canonical":"https:\/\/mariasy.hu\/en\/webshop\/pezsgo\/","og_locale":"en_GB","og_type":"article","og_title":"Pezsg\u0151 - Mariasy","og_description":"Webshop tokaji asz\u00fa pezsg\u0151 furmint MARIASY PEZSG\u0150\/ SEKT CR\u00c9MANT de FURMINT r\u00e9szletek v\u00e1s\u00e1rl\u00e1s","og_url":"https:\/\/mariasy.hu\/en\/webshop\/pezsgo\/","og_site_name":"Mariasy","article_modified_time":"2023-07-24T08:32:19+00:00","og_image":[{"url":"https:\/\/mariasy.hu\/wp-content\/uploads\/2022\/11\/mariasy_palack_pezsgo_orig.jpg"}],"twitter_card":"summary_large_image","twitter_misc":{"Estimated reading time":"1 minute"},"schema":{"@context":"https:\/\/schema.org","@graph":[{"@type":"WebPage","@id":"https:\/\/mariasy.hu\/webshop\/pezsgo\/","url":"https:\/\/mariasy.hu\/webshop\/pezsgo\/","name":"Pezsg\u0151 - Mariasy","isPartOf":{"@id":"https:\/\/mariasy.hu\/#website"},"datePublished":"2023-06-07T08:14:37+00:00","dateModified":"2023-07-24T08:32:19+00:00","breadcrumb":{"@id":"https:\/\/mariasy.hu\/webshop\/pezsgo\/#breadcrumb"},"inLanguage":"en-GB","potentialAction":[{"@type":"ReadAction","target":["https:\/\/mariasy.hu\/webshop\/pezsgo\/"]}]},{"@type":"BreadcrumbList","@id":"https:\/\/mariasy.hu\/webshop\/pezsgo\/#breadcrumb","itemListElement":[{"@type":"ListItem","position":1,"name":"Home","item":"https:\/\/mariasy.hu\/"},{"@type":"ListItem","position":2,"name":"Webshop","item":"https:\/\/mariasy.hu\/webshop\/"},{"@type":"ListItem","position":3,"name":"Pezsg\u0151"}]},{"@type":"WebSite","@id":"https:\/\/mariasy.hu\/#website","url":"https:\/\/mariasy.hu\/","name":"Mariasy","description":"Tokaj Winery","publisher":{"@id":"https:\/\/mariasy.hu\/#organization"},"potentialAction":[{"@type":"SearchAction","target":{"@type":"EntryPoint","urlTemplate":"https:\/\/mariasy.hu\/?s={search_term_string}"},"query-input":"required name=search_term_string"}],"inLanguage":"en-GB"},{"@type":"Organization","@id":"https:\/\/mariasy.hu\/#organization","name":"Mariasy","url":"https:\/\/mariasy.hu\/","logo":{"@type":"ImageObject","inLanguage":"en-GB","@id":"https:\/\/mariasy.hu\/#\/schema\/logo\/image\/","url":"https:\/\/mariasy.hu\/wp-content\/uploads\/2022\/11\/MARIASY-LOGO.jpg","contentUrl":"https:\/\/mariasy.hu\/wp-content\/uploads\/2022\/11\/MARIASY-LOGO.jpg","width":500,"height":500,"caption":"Mariasy"},"image":{"@id":"https:\/\/mariasy.hu\/#\/schema\/logo\/image\/"}}]}},"_links":{"self":[{"href":"https:\/\/mariasy.hu\/en\/wp-json\/wp\/v2\/pages\/988746","targetHints":{"allow":["GET"]}}],"collection":[{"href":"https:\/\/mariasy.hu\/en\/wp-json\/wp\/v2\/pages"}],"about":[{"href":"https:\/\/mariasy.hu\/en\/wp-json\/wp\/v2\/types\/page"}],"author":[{"embeddable":true,"href":"https:\/\/mariasy.hu\/en\/wp-json\/wp\/v2\/users\/6387"}],"replies":[{"embeddable":true,"href":"https:\/\/mariasy.hu\/en\/wp-json\/wp\/v2\/comments?post=988746"}],"version-history":[{"count":25,"href":"https:\/\/mariasy.hu\/en\/wp-json\/wp\/v2\/pages\/988746\/revisions"}],"predecessor-version":[{"id":989012,"href":"https:\/\/mariasy.hu\/en\/wp-json\/wp\/v2\/pages\/988746\/revisions\/989012"}],"up":[{"embeddable":true,"href":"https:\/\/mariasy.hu\/en\/wp-json\/wp\/v2\/pages\/988315"}],"wp:attachment":[{"href":"https:\/\/mariasy.hu\/en\/wp-json\/wp\/v2\/media?parent=988746"}],"curies":[{"name":"wp","href":"https:\/\/api.w.org\/{rel}","templated":true}]}}