{"id":988452,"date":"2022-11-13T09:26:12","date_gmt":"2022-11-13T08:26:12","guid":{"rendered":"https:\/\/mariasy.hu\/?post_type=product&#038;p=988452"},"modified":"2022-11-13T09:26:52","modified_gmt":"2022-11-13T08:26:52","slug":"mariasy-pezsgo-sekt-brut-cremant-de-furmint-2019","status":"publish","type":"product","link":"https:\/\/mariasy.hu\/en\/product\/mariasy-pezsgo-sekt-brut-cremant-de-furmint-2019\/","title":{"rendered":"MARIASY \/ SEKT \u2022 BRUT<br>\nCR\u00c9MANT de FURMINT 2019"},"content":{"rendered":"","protected":false},"excerpt":{"rendered":"<p>Sparkling wine is magic, a mediator of happiness, celebration and emotional richness.<\/p>\n<p class=\" translation-block\"><strong>MARASY Brut<\/strong> is a new product in the life of the estate. The soil of the vineyard, the loess, the unique climate, the <strong>Furmint<\/strong> grapes and the classic method of sparkling wine making in the embrace of a small amphitheatre are fantastic opportunities to create a fine, elegant sparkling wine with mineral flavours.<\/p>\n<p>The Furmint grape variety is harvested using traditional viticulture methods, with its unique aroma and delicate, tasty, luscious acidity. The bunches are hand-harvested, carefully selected, and only healthy, intact bunches are picked. Then, with quality pressing and controlled fermentation, we produce our sparkling base wine, which is matured on fine lees. Only the 2019 vintage Furmint is sparkling. The second fermentation took place in glass bottles, where the carbon dioxide produced was transformed into sparkling wine in a fine bubble distribution. The resulting brut sparkling wine was aged for 15 months, developing its final aromatic character. Degassing took place in April 2021, when we used a frozen ice cube in the neck of the bottle to remove the cloudy particles that had formed during fermentation and, after the Brut dosage design, the bottle was filled to its final sparkling closure.<\/p>\n<p>Brut MARIASY Sparkling wine is a special aperitif due to its elegant, clean, delicate taste and minerality, excellent with fish dishes, charcuterie, trout, but due to the nature of Brut, it is suitable for almost every occasion and course.<\/p>","protected":false},"featured_media":988134,"template":"","meta":[],"product_cat":[16],"product_tag":[],"class_list":{"0":"post-988452","1":"product","2":"type-product","3":"status-publish","4":"has-post-thumbnail","6":"product_cat-uncategorized","8":"first","9":"instock","10":"shipping-taxable","11":"product-type-simple"},"yoast_head":"<!-- This site is optimized with the Yoast SEO plugin v22.0 - https:\/\/yoast.com\/wordpress\/plugins\/seo\/ -->\n<title>MARIASY PEZSG\u0150\/ SEKT \u2022 BRUT CR\u00c9MANT de FURMINT 2019 - Mariasy<\/title>\n<meta name=\"robots\" content=\"index, follow, max-snippet:-1, max-image-preview:large, max-video-preview:-1\" \/>\n<link rel=\"canonical\" href=\"https:\/\/mariasy.hu\/en\/product\/mariasy-pezsgo-sekt-brut-cremant-de-furmint-2019\/\" \/>\n<meta property=\"og:locale\" content=\"en_GB\" \/>\n<meta property=\"og:type\" content=\"article\" \/>\n<meta property=\"og:title\" content=\"MARIASY PEZSG\u0150\/ SEKT \u2022 BRUT CR\u00c9MANT de FURMINT 2019 - Mariasy\" \/>\n<meta property=\"og:description\" content=\"Pezsg\u0151 egy var\u00e1zslat, a boldogs\u00e1g, az \u00fcnnep, az \u00e9rzelemi gazdags\u00e1g k\u00f6zvet\u00edt\u0151je. A MARASY Pezsg\u0151 \u00faj term\u00e9k a birtok \u00e9let\u00e9ben. A kis amfite\u00e1trum \u00f6lel\u00e9s\u00e9ben l\u00e9v\u0151 sz\u0151l\u0151ter\u00fclet talaja, a l\u00f6sz, az egyedi kl\u00edma, a Furmint sz\u0151l\u0151 \u00e9s a pezsg\u0151k\u00e9sz\u00edt\u00e9s klasszikus m\u00f3dszere fantasztikus lehet\u0151s\u00e9g finom, eleg\u00e1ns, \u00e1sv\u00e1nyos \u00edzekkel rendelkez\u0151 pezsg\u0151 k\u00e9sz\u00edt\u00e9s\u00e9hez. A hagyom\u00e1nyos sz\u0151l\u0151m\u0171vel\u00e9s sor\u00e1n a Furmint fajta k\u00fcl\u00f6nleges arom\u00e1val, finom, \u00edzletes, \u00fcde savakkal sz\u00fcretelhet\u0151. K\u00e9zi sz\u00fcrettel szedj\u00fck a sz\u0151l\u0151 f\u00fcrtjeit, er\u0151sen v\u00e1logatva, kiz\u00e1r\u00f3lag \u00e9p, eg\u00e9szs\u00e9ges f\u00fcrt\u00f6k leszed\u00e9se t\u00f6rt\u00e9nik. Majd min\u0151s\u00e9gi pr\u00e9sel\u00e9s \u00e9s ir\u00e1ny\u00edtott erjeszt\u00e9ssel k\u00e9sz\u00fcl el a pezsg\u0151 alapborunk, amelyet finom sepr\u0151n \u00e9rlel\u00fcnk. Kiz\u00e1r\u00f3lag a 2019 \u00e9vj\u00e1rat Furmint bora ker\u00fclt pezsg\u0151s\u00edt\u00e9sre. \u00dcveg palackban t\u00f6rt\u00e9nt a m\u00e1sodik erjeszt\u00e9s, amikor a k\u00e9pz\u0151d\u0151 sz\u00e9ndioxid finom bubor\u00e9k eloszl\u00e1sban \u00e1tvar\u00e1zsolta sz\u00e1raz borunkat pezsg\u0151v\u00e9. Az \u00edgy nyert brut pezsg\u0151t 15 h\u00f3napon kereszt\u00fcl \u00e9rlelt\u00fck, kialak\u00edtva a v\u00e9gleges aroma jelleget. A degorzs\u00e1l\u00e1s 2021 \u00e1prilis\u00e1ban t\u00f6rt\u00e9nt, amikor a palack nyak\u00e1ban kifagyott j\u00e9gdug\u00f3val elt\u00e1vol\u00edtottuk az erjed\u00e9s sor\u00e1n k\u00e9pz\u0151d\u00f6tt zavaros\u00edt\u00f3 r\u00e9szecsk\u00e9ket \u00e9s a Brut dosage kialak\u00edt\u00e1sa, a felt\u00f6lt\u00e9s ut\u00e1n a palack elnyerte a v\u00e9gleges pezsg\u0151s lez\u00e1r\u00e1st. A Brut MARIASY Pezsg\u0151 eleg\u00e1ns, tiszta, finom \u00edze, \u00e1sv\u00e1nyos jellege \u00e1ltal k\u00fcl\u00f6nleges aperitif, kit\u0171n\u0151 hal\u00e9telekhez, fogashoz, pisztr\u00e1nghoz, de a Brut jellege miatt szinte minden alkalomhoz \u00e9s fog\u00e1shoz illik.\" \/>\n<meta property=\"og:url\" content=\"https:\/\/mariasy.hu\/en\/product\/mariasy-pezsgo-sekt-brut-cremant-de-furmint-2019\/\" \/>\n<meta property=\"og:site_name\" content=\"Mariasy\" \/>\n<meta property=\"article:modified_time\" content=\"2022-11-13T08:26:52+00:00\" \/>\n<meta property=\"og:image\" content=\"https:\/\/mariasy.hu\/wp-content\/uploads\/2022\/11\/mariasy_palack_pezsgo_orig.jpg\" \/>\n\t<meta property=\"og:image:width\" content=\"563\" \/>\n\t<meta property=\"og:image:height\" content=\"820\" \/>\n\t<meta property=\"og:image:type\" content=\"image\/jpeg\" \/>\n<meta name=\"twitter:card\" content=\"summary_large_image\" \/>\n<script type=\"application\/ld+json\" class=\"yoast-schema-graph\">{\"@context\":\"https:\/\/schema.org\",\"@graph\":[{\"@type\":\"WebPage\",\"@id\":\"https:\/\/mariasy.hu\/product\/mariasy-pezsgo-sekt-brut-cremant-de-furmint-2019\/\",\"url\":\"https:\/\/mariasy.hu\/product\/mariasy-pezsgo-sekt-brut-cremant-de-furmint-2019\/\",\"name\":\"MARIASY PEZSG\u0150\/ SEKT \u2022 BRUT CR\u00c9MANT de FURMINT 2019 - Mariasy\",\"isPartOf\":{\"@id\":\"https:\/\/mariasy.hu\/#website\"},\"datePublished\":\"2022-11-13T08:26:12+00:00\",\"dateModified\":\"2022-11-13T08:26:52+00:00\",\"breadcrumb\":{\"@id\":\"https:\/\/mariasy.hu\/product\/mariasy-pezsgo-sekt-brut-cremant-de-furmint-2019\/#breadcrumb\"},\"inLanguage\":\"en-GB\",\"potentialAction\":[{\"@type\":\"ReadAction\",\"target\":[\"https:\/\/mariasy.hu\/product\/mariasy-pezsgo-sekt-brut-cremant-de-furmint-2019\/\"]}]},{\"@type\":\"BreadcrumbList\",\"@id\":\"https:\/\/mariasy.hu\/product\/mariasy-pezsgo-sekt-brut-cremant-de-furmint-2019\/#breadcrumb\",\"itemListElement\":[{\"@type\":\"ListItem\",\"position\":1,\"name\":\"Home\",\"item\":\"https:\/\/mariasy.hu\/\"},{\"@type\":\"ListItem\",\"position\":2,\"name\":\"Term\u00e9kek\",\"item\":\"https:\/\/mariasy.hu\/shop\/\"},{\"@type\":\"ListItem\",\"position\":3,\"name\":\"MARIASY PEZSG\u0150\/ SEKT \u2022 BRUT CR\u00c9MANT de FURMINT 2019\"}]},{\"@type\":\"WebSite\",\"@id\":\"https:\/\/mariasy.hu\/#website\",\"url\":\"https:\/\/mariasy.hu\/\",\"name\":\"Mariasy\",\"description\":\"Tokaj Winery\",\"publisher\":{\"@id\":\"https:\/\/mariasy.hu\/#organization\"},\"potentialAction\":[{\"@type\":\"SearchAction\",\"target\":{\"@type\":\"EntryPoint\",\"urlTemplate\":\"https:\/\/mariasy.hu\/?s={search_term_string}\"},\"query-input\":\"required name=search_term_string\"}],\"inLanguage\":\"en-GB\"},{\"@type\":\"Organization\",\"@id\":\"https:\/\/mariasy.hu\/#organization\",\"name\":\"Mariasy\",\"url\":\"https:\/\/mariasy.hu\/\",\"logo\":{\"@type\":\"ImageObject\",\"inLanguage\":\"en-GB\",\"@id\":\"https:\/\/mariasy.hu\/#\/schema\/logo\/image\/\",\"url\":\"https:\/\/mariasy.hu\/wp-content\/uploads\/2022\/11\/MARIASY-LOGO.jpg\",\"contentUrl\":\"https:\/\/mariasy.hu\/wp-content\/uploads\/2022\/11\/MARIASY-LOGO.jpg\",\"width\":500,\"height\":500,\"caption\":\"Mariasy\"},\"image\":{\"@id\":\"https:\/\/mariasy.hu\/#\/schema\/logo\/image\/\"}}]}<\/script>\n<!-- \/ Yoast SEO plugin. -->","yoast_head_json":{"title":"MARIASY PEZSG\u0150\/ SEKT \u2022 BRUT CR\u00c9MANT de FURMINT 2019 - Mariasy","robots":{"index":"index","follow":"follow","max-snippet":"max-snippet:-1","max-image-preview":"max-image-preview:large","max-video-preview":"max-video-preview:-1"},"canonical":"https:\/\/mariasy.hu\/en\/product\/mariasy-pezsgo-sekt-brut-cremant-de-furmint-2019\/","og_locale":"en_GB","og_type":"article","og_title":"MARIASY PEZSG\u0150\/ SEKT \u2022 BRUT CR\u00c9MANT de FURMINT 2019 - Mariasy","og_description":"Pezsg\u0151 egy var\u00e1zslat, a boldogs\u00e1g, az \u00fcnnep, az \u00e9rzelemi gazdags\u00e1g k\u00f6zvet\u00edt\u0151je. A MARASY Pezsg\u0151 \u00faj term\u00e9k a birtok \u00e9let\u00e9ben. A kis amfite\u00e1trum \u00f6lel\u00e9s\u00e9ben l\u00e9v\u0151 sz\u0151l\u0151ter\u00fclet talaja, a l\u00f6sz, az egyedi kl\u00edma, a Furmint sz\u0151l\u0151 \u00e9s a pezsg\u0151k\u00e9sz\u00edt\u00e9s klasszikus m\u00f3dszere fantasztikus lehet\u0151s\u00e9g finom, eleg\u00e1ns, \u00e1sv\u00e1nyos \u00edzekkel rendelkez\u0151 pezsg\u0151 k\u00e9sz\u00edt\u00e9s\u00e9hez. A hagyom\u00e1nyos sz\u0151l\u0151m\u0171vel\u00e9s sor\u00e1n a Furmint fajta k\u00fcl\u00f6nleges arom\u00e1val, finom, \u00edzletes, \u00fcde savakkal sz\u00fcretelhet\u0151. K\u00e9zi sz\u00fcrettel szedj\u00fck a sz\u0151l\u0151 f\u00fcrtjeit, er\u0151sen v\u00e1logatva, kiz\u00e1r\u00f3lag \u00e9p, eg\u00e9szs\u00e9ges f\u00fcrt\u00f6k leszed\u00e9se t\u00f6rt\u00e9nik. Majd min\u0151s\u00e9gi pr\u00e9sel\u00e9s \u00e9s ir\u00e1ny\u00edtott erjeszt\u00e9ssel k\u00e9sz\u00fcl el a pezsg\u0151 alapborunk, amelyet finom sepr\u0151n \u00e9rlel\u00fcnk. Kiz\u00e1r\u00f3lag a 2019 \u00e9vj\u00e1rat Furmint bora ker\u00fclt pezsg\u0151s\u00edt\u00e9sre. \u00dcveg palackban t\u00f6rt\u00e9nt a m\u00e1sodik erjeszt\u00e9s, amikor a k\u00e9pz\u0151d\u0151 sz\u00e9ndioxid finom bubor\u00e9k eloszl\u00e1sban \u00e1tvar\u00e1zsolta sz\u00e1raz borunkat pezsg\u0151v\u00e9. Az \u00edgy nyert brut pezsg\u0151t 15 h\u00f3napon kereszt\u00fcl \u00e9rlelt\u00fck, kialak\u00edtva a v\u00e9gleges aroma jelleget. A degorzs\u00e1l\u00e1s 2021 \u00e1prilis\u00e1ban t\u00f6rt\u00e9nt, amikor a palack nyak\u00e1ban kifagyott j\u00e9gdug\u00f3val elt\u00e1vol\u00edtottuk az erjed\u00e9s sor\u00e1n k\u00e9pz\u0151d\u00f6tt zavaros\u00edt\u00f3 r\u00e9szecsk\u00e9ket \u00e9s a Brut dosage kialak\u00edt\u00e1sa, a felt\u00f6lt\u00e9s ut\u00e1n a palack elnyerte a v\u00e9gleges pezsg\u0151s lez\u00e1r\u00e1st. A Brut MARIASY Pezsg\u0151 eleg\u00e1ns, tiszta, finom \u00edze, \u00e1sv\u00e1nyos jellege \u00e1ltal k\u00fcl\u00f6nleges aperitif, kit\u0171n\u0151 hal\u00e9telekhez, fogashoz, pisztr\u00e1nghoz, de a Brut jellege miatt szinte minden alkalomhoz \u00e9s fog\u00e1shoz illik.","og_url":"https:\/\/mariasy.hu\/en\/product\/mariasy-pezsgo-sekt-brut-cremant-de-furmint-2019\/","og_site_name":"Mariasy","article_modified_time":"2022-11-13T08:26:52+00:00","og_image":[{"width":563,"height":820,"url":"https:\/\/mariasy.hu\/wp-content\/uploads\/2022\/11\/mariasy_palack_pezsgo_orig.jpg","type":"image\/jpeg"}],"twitter_card":"summary_large_image","schema":{"@context":"https:\/\/schema.org","@graph":[{"@type":"WebPage","@id":"https:\/\/mariasy.hu\/product\/mariasy-pezsgo-sekt-brut-cremant-de-furmint-2019\/","url":"https:\/\/mariasy.hu\/product\/mariasy-pezsgo-sekt-brut-cremant-de-furmint-2019\/","name":"MARIASY PEZSG\u0150\/ SEKT \u2022 BRUT CR\u00c9MANT de FURMINT 2019 - Mariasy","isPartOf":{"@id":"https:\/\/mariasy.hu\/#website"},"datePublished":"2022-11-13T08:26:12+00:00","dateModified":"2022-11-13T08:26:52+00:00","breadcrumb":{"@id":"https:\/\/mariasy.hu\/product\/mariasy-pezsgo-sekt-brut-cremant-de-furmint-2019\/#breadcrumb"},"inLanguage":"en-GB","potentialAction":[{"@type":"ReadAction","target":["https:\/\/mariasy.hu\/product\/mariasy-pezsgo-sekt-brut-cremant-de-furmint-2019\/"]}]},{"@type":"BreadcrumbList","@id":"https:\/\/mariasy.hu\/product\/mariasy-pezsgo-sekt-brut-cremant-de-furmint-2019\/#breadcrumb","itemListElement":[{"@type":"ListItem","position":1,"name":"Home","item":"https:\/\/mariasy.hu\/"},{"@type":"ListItem","position":2,"name":"Term\u00e9kek","item":"https:\/\/mariasy.hu\/shop\/"},{"@type":"ListItem","position":3,"name":"MARIASY PEZSG\u0150\/ SEKT \u2022 BRUT CR\u00c9MANT de FURMINT 2019"}]},{"@type":"WebSite","@id":"https:\/\/mariasy.hu\/#website","url":"https:\/\/mariasy.hu\/","name":"Mariasy","description":"Tokaj Winery","publisher":{"@id":"https:\/\/mariasy.hu\/#organization"},"potentialAction":[{"@type":"SearchAction","target":{"@type":"EntryPoint","urlTemplate":"https:\/\/mariasy.hu\/?s={search_term_string}"},"query-input":"required name=search_term_string"}],"inLanguage":"en-GB"},{"@type":"Organization","@id":"https:\/\/mariasy.hu\/#organization","name":"Mariasy","url":"https:\/\/mariasy.hu\/","logo":{"@type":"ImageObject","inLanguage":"en-GB","@id":"https:\/\/mariasy.hu\/#\/schema\/logo\/image\/","url":"https:\/\/mariasy.hu\/wp-content\/uploads\/2022\/11\/MARIASY-LOGO.jpg","contentUrl":"https:\/\/mariasy.hu\/wp-content\/uploads\/2022\/11\/MARIASY-LOGO.jpg","width":500,"height":500,"caption":"Mariasy"},"image":{"@id":"https:\/\/mariasy.hu\/#\/schema\/logo\/image\/"}}]}},"_links":{"self":[{"href":"https:\/\/mariasy.hu\/en\/wp-json\/wp\/v2\/product\/988452","targetHints":{"allow":["GET"]}}],"collection":[{"href":"https:\/\/mariasy.hu\/en\/wp-json\/wp\/v2\/product"}],"about":[{"href":"https:\/\/mariasy.hu\/en\/wp-json\/wp\/v2\/types\/product"}],"version-history":[{"count":1,"href":"https:\/\/mariasy.hu\/en\/wp-json\/wp\/v2\/product\/988452\/revisions"}],"predecessor-version":[{"id":988453,"href":"https:\/\/mariasy.hu\/en\/wp-json\/wp\/v2\/product\/988452\/revisions\/988453"}],"wp:featuredmedia":[{"embeddable":true,"href":"https:\/\/mariasy.hu\/en\/wp-json\/wp\/v2\/media\/988134"}],"wp:attachment":[{"href":"https:\/\/mariasy.hu\/en\/wp-json\/wp\/v2\/media?parent=988452"}],"wp:term":[{"taxonomy":"product_cat","embeddable":true,"href":"https:\/\/mariasy.hu\/en\/wp-json\/wp\/v2\/product_cat?post=988452"},{"taxonomy":"product_tag","embeddable":true,"href":"https:\/\/mariasy.hu\/en\/wp-json\/wp\/v2\/product_tag?post=988452"}],"curies":[{"name":"wp","href":"https:\/\/api.w.org\/{rel}","templated":true}]}}