{"id":988820,"date":"2023-06-07T12:11:53","date_gmt":"2023-06-07T10:11:53","guid":{"rendered":"https:\/\/mariasy.hu\/?post_type=product&#038;p=988820"},"modified":"2023-06-07T20:12:32","modified_gmt":"2023-06-07T18:12:32","slug":"mariasy-furmint-2019","status":"publish","type":"product","link":"https:\/\/mariasy.hu\/en\/product\/mariasy-furmint-2019\/","title":{"rendered":"MARIASY FURMINT 2019"},"content":{"rendered":"<div data-elementor-type=\"product-post\" data-elementor-id=\"988820\" class=\"elementor elementor-988820\" data-elementor-post-type=\"product\">\n\t\t\t\t\t\t<section class=\"elementor-section elementor-top-section elementor-element elementor-element-dd905d0 elementor-section-full_width elementor-section-height-default elementor-section-height-default\" data-id=\"dd905d0\" data-element_type=\"section\">\n\t\t\t\t\t\t<div class=\"elementor-container elementor-column-gap-default\">\n\t\t\t\t\t<div class=\"elementor-column elementor-col-100 elementor-top-column elementor-element elementor-element-66b4ffc\" data-id=\"66b4ffc\" data-element_type=\"column\">\n\t\t\t<div class=\"elementor-widget-wrap elementor-element-populated\">\n\t\t\t\t\t\t<div class=\"elementor-element elementor-element-69dd17a elementor-widget elementor-widget-heading\" data-id=\"69dd17a\" data-element_type=\"widget\" data-widget_type=\"heading.default\">\n\t\t\t\t<div class=\"elementor-widget-container\">\n\t\t\t<style>\/*! elementor - v3.20.0 - 14-02-2024 *\/\n.elementor-heading-title{padding:0;margin:0;line-height:1}.elementor-widget-heading .elementor-heading-title[class*=elementor-size-]>a{color:inherit;font-size:inherit;line-height:inherit}.elementor-widget-heading .elementor-heading-title.elementor-size-small{font-size:15px}.elementor-widget-heading .elementor-heading-title.elementor-size-medium{font-size:19px}.elementor-widget-heading .elementor-heading-title.elementor-size-large{font-size:29px}.elementor-widget-heading .elementor-heading-title.elementor-size-xl{font-size:39px}.elementor-widget-heading .elementor-heading-title.elementor-size-xxl{font-size:59px}<\/style><h3 class=\"elementor-heading-title elementor-size-default\">2019, the excellent vintage<\/h3>\t\t<\/div>\n\t\t\t\t<\/div>\n\t\t\t\t<div class=\"elementor-element elementor-element-95c4df3 elementor-widget-divider--view-line elementor-widget elementor-widget-divider\" data-id=\"95c4df3\" data-element_type=\"widget\" data-widget_type=\"divider.default\">\n\t\t\t\t<div class=\"elementor-widget-container\">\n\t\t\t<style>\/*! elementor - v3.20.0 - 14-02-2024 *\/\n.elementor-widget-divider{--divider-border-style:none;--divider-border-width:1px;--divider-color:#0c0d0e;--divider-icon-size:20px;--divider-element-spacing:10px;--divider-pattern-height:24px;--divider-pattern-size:20px;--divider-pattern-url:none;--divider-pattern-repeat:repeat-x}.elementor-widget-divider .elementor-divider{display:flex}.elementor-widget-divider .elementor-divider__text{font-size:15px;line-height:1;max-width:95%}.elementor-widget-divider .elementor-divider__element{margin:0 var(--divider-element-spacing);flex-shrink:0}.elementor-widget-divider .elementor-icon{font-size:var(--divider-icon-size)}.elementor-widget-divider .elementor-divider-separator{display:flex;margin:0;direction:ltr}.elementor-widget-divider--view-line_icon .elementor-divider-separator,.elementor-widget-divider--view-line_text .elementor-divider-separator{align-items:center}.elementor-widget-divider--view-line_icon .elementor-divider-separator:after,.elementor-widget-divider--view-line_icon .elementor-divider-separator:before,.elementor-widget-divider--view-line_text .elementor-divider-separator:after,.elementor-widget-divider--view-line_text .elementor-divider-separator:before{display:block;content:\"\";border-block-end:0;flex-grow:1;border-block-start:var(--divider-border-width) var(--divider-border-style) var(--divider-color)}.elementor-widget-divider--element-align-left .elementor-divider .elementor-divider-separator>.elementor-divider__svg:first-of-type{flex-grow:0;flex-shrink:100}.elementor-widget-divider--element-align-left .elementor-divider-separator:before{content:none}.elementor-widget-divider--element-align-left .elementor-divider__element{margin-left:0}.elementor-widget-divider--element-align-right .elementor-divider .elementor-divider-separator>.elementor-divider__svg:last-of-type{flex-grow:0;flex-shrink:100}.elementor-widget-divider--element-align-right .elementor-divider-separator:after{content:none}.elementor-widget-divider--element-align-right .elementor-divider__element{margin-right:0}.elementor-widget-divider--element-align-start .elementor-divider .elementor-divider-separator>.elementor-divider__svg:first-of-type{flex-grow:0;flex-shrink:100}.elementor-widget-divider--element-align-start .elementor-divider-separator:before{content:none}.elementor-widget-divider--element-align-start .elementor-divider__element{margin-inline-start:0}.elementor-widget-divider--element-align-end .elementor-divider .elementor-divider-separator>.elementor-divider__svg:last-of-type{flex-grow:0;flex-shrink:100}.elementor-widget-divider--element-align-end .elementor-divider-separator:after{content:none}.elementor-widget-divider--element-align-end .elementor-divider__element{margin-inline-end:0}.elementor-widget-divider:not(.elementor-widget-divider--view-line_text):not(.elementor-widget-divider--view-line_icon) .elementor-divider-separator{border-block-start:var(--divider-border-width) var(--divider-border-style) var(--divider-color)}.elementor-widget-divider--separator-type-pattern{--divider-border-style:none}.elementor-widget-divider--separator-type-pattern.elementor-widget-divider--view-line .elementor-divider-separator,.elementor-widget-divider--separator-type-pattern:not(.elementor-widget-divider--view-line) .elementor-divider-separator:after,.elementor-widget-divider--separator-type-pattern:not(.elementor-widget-divider--view-line) .elementor-divider-separator:before,.elementor-widget-divider--separator-type-pattern:not([class*=elementor-widget-divider--view]) .elementor-divider-separator{width:100%;min-height:var(--divider-pattern-height);-webkit-mask-size:var(--divider-pattern-size) 100%;mask-size:var(--divider-pattern-size) 100%;-webkit-mask-repeat:var(--divider-pattern-repeat);mask-repeat:var(--divider-pattern-repeat);background-color:var(--divider-color);-webkit-mask-image:var(--divider-pattern-url);mask-image:var(--divider-pattern-url)}.elementor-widget-divider--no-spacing{--divider-pattern-size:auto}.elementor-widget-divider--bg-round{--divider-pattern-repeat:round}.rtl .elementor-widget-divider .elementor-divider__text{direction:rtl}.e-con-inner>.elementor-widget-divider,.e-con>.elementor-widget-divider{width:var(--container-widget-width,100%);--flex-grow:var(--container-widget-flex-grow)}<\/style>\t\t<div class=\"elementor-divider\">\n\t\t\t<span class=\"elementor-divider-separator\">\n\t\t\t\t\t\t<\/span>\n\t\t<\/div>\n\t\t\t\t<\/div>\n\t\t\t\t<\/div>\n\t\t\t\t<section class=\"elementor-section elementor-inner-section elementor-element elementor-element-042f27d elementor-section-boxed elementor-section-height-default elementor-section-height-default\" data-id=\"042f27d\" data-element_type=\"section\">\n\t\t\t\t\t\t<div class=\"elementor-container elementor-column-gap-default\">\n\t\t\t\t\t<div class=\"elementor-column elementor-col-50 elementor-inner-column elementor-element elementor-element-3b8b968\" data-id=\"3b8b968\" data-element_type=\"column\">\n\t\t\t<div class=\"elementor-widget-wrap elementor-element-populated\">\n\t\t\t\t\t\t<div class=\"elementor-element elementor-element-b98b7d0 elementor-widget elementor-widget-heading\" data-id=\"b98b7d0\" data-element_type=\"widget\" data-widget_type=\"heading.default\">\n\t\t\t\t<div class=\"elementor-widget-container\">\n\t\t\t<p class=\"elementor-heading-title elementor-size-default\">Winter:<\/p>\t\t<\/div>\n\t\t\t\t<\/div>\n\t\t\t\t\t<\/div>\n\t\t<\/div>\n\t\t\t\t<div class=\"elementor-column elementor-col-50 elementor-inner-column elementor-element elementor-element-475ca98\" data-id=\"475ca98\" data-element_type=\"column\">\n\t\t\t<div class=\"elementor-widget-wrap elementor-element-populated\">\n\t\t\t\t\t\t<div class=\"elementor-element elementor-element-528c915 elementor-widget elementor-widget-text-editor\" data-id=\"528c915\" data-element_type=\"widget\" data-widget_type=\"text-editor.default\">\n\t\t\t\t<div class=\"elementor-widget-container\">\n\t\t\t<style>\/*! elementor - v3.20.0 - 14-02-2024 *\/\n.elementor-widget-text-editor.elementor-drop-cap-view-stacked .elementor-drop-cap{background-color:#69727d;color:#fff}.elementor-widget-text-editor.elementor-drop-cap-view-framed .elementor-drop-cap{color:#69727d;border:3px solid;background-color:transparent}.elementor-widget-text-editor:not(.elementor-drop-cap-view-default) .elementor-drop-cap{margin-top:8px}.elementor-widget-text-editor:not(.elementor-drop-cap-view-default) .elementor-drop-cap-letter{width:1em;height:1em}.elementor-widget-text-editor .elementor-drop-cap{float:left;text-align:center;line-height:1;font-size:50px}.elementor-widget-text-editor .elementor-drop-cap-letter{display:inline-block}<\/style>\t\t\t\tVery cold in January, soft and particularly dry from February to March.\t\t\t\t\t\t<\/div>\n\t\t\t\t<\/div>\n\t\t\t\t\t<\/div>\n\t\t<\/div>\n\t\t\t\t\t<\/div>\n\t\t<\/section>\n\t\t\t\t<section class=\"elementor-section elementor-inner-section elementor-element elementor-element-03b6522 elementor-section-boxed elementor-section-height-default elementor-section-height-default\" data-id=\"03b6522\" data-element_type=\"section\">\n\t\t\t\t\t\t<div class=\"elementor-container elementor-column-gap-default\">\n\t\t\t\t\t<div class=\"elementor-column elementor-col-50 elementor-inner-column elementor-element elementor-element-e848017\" data-id=\"e848017\" data-element_type=\"column\">\n\t\t\t<div class=\"elementor-widget-wrap elementor-element-populated\">\n\t\t\t\t\t\t<div class=\"elementor-element elementor-element-98f08ae elementor-widget elementor-widget-heading\" data-id=\"98f08ae\" data-element_type=\"widget\" data-widget_type=\"heading.default\">\n\t\t\t\t<div class=\"elementor-widget-container\">\n\t\t\t<p class=\"elementor-heading-title elementor-size-default\">Spring:<\/p>\t\t<\/div>\n\t\t\t\t<\/div>\n\t\t\t\t\t<\/div>\n\t\t<\/div>\n\t\t\t\t<div class=\"elementor-column elementor-col-50 elementor-inner-column elementor-element elementor-element-8925dff\" data-id=\"8925dff\" data-element_type=\"column\">\n\t\t\t<div class=\"elementor-widget-wrap elementor-element-populated\">\n\t\t\t\t\t\t<div class=\"elementor-element elementor-element-884c913 elementor-widget elementor-widget-text-editor\" data-id=\"884c913\" data-element_type=\"widget\" data-widget_type=\"text-editor.default\">\n\t\t\t\t<div class=\"elementor-widget-container\">\n\t\t\t\t\t\t\tEarly April with seasonal temperatures, followed by cool, very low temperatures in the second half of April, then May, the coldest month in the previous 10 years.\t\t\t\t\t\t<\/div>\n\t\t\t\t<\/div>\n\t\t\t\t\t<\/div>\n\t\t<\/div>\n\t\t\t\t\t<\/div>\n\t\t<\/section>\n\t\t\t\t<section class=\"elementor-section elementor-inner-section elementor-element elementor-element-9707292 elementor-section-boxed elementor-section-height-default elementor-section-height-default\" data-id=\"9707292\" data-element_type=\"section\">\n\t\t\t\t\t\t<div class=\"elementor-container elementor-column-gap-default\">\n\t\t\t\t\t<div class=\"elementor-column elementor-col-50 elementor-inner-column elementor-element elementor-element-769f9ed\" data-id=\"769f9ed\" data-element_type=\"column\">\n\t\t\t<div class=\"elementor-widget-wrap elementor-element-populated\">\n\t\t\t\t\t\t<div class=\"elementor-element elementor-element-56f9f16 elementor-widget elementor-widget-heading\" data-id=\"56f9f16\" data-element_type=\"widget\" data-widget_type=\"heading.default\">\n\t\t\t\t<div class=\"elementor-widget-container\">\n\t\t\t<p class=\"elementor-heading-title elementor-size-default\">Summer:<\/p>\t\t<\/div>\n\t\t\t\t<\/div>\n\t\t\t\t\t<\/div>\n\t\t<\/div>\n\t\t\t\t<div class=\"elementor-column elementor-col-50 elementor-inner-column elementor-element elementor-element-0019b84\" data-id=\"0019b84\" data-element_type=\"column\">\n\t\t\t<div class=\"elementor-widget-wrap elementor-element-populated\">\n\t\t\t\t\t\t<div class=\"elementor-element elementor-element-f10df34 elementor-widget elementor-widget-text-editor\" data-id=\"f10df34\" data-element_type=\"widget\" data-widget_type=\"text-editor.default\">\n\t\t\t\t<div class=\"elementor-widget-container\">\n\t\t\t\t\t\t\tVery hot, with flowering in June the hottest month in the previous 10 years. July is cooler with abundant rain.\t\t\t\t\t\t<\/div>\n\t\t\t\t<\/div>\n\t\t\t\t\t<\/div>\n\t\t<\/div>\n\t\t\t\t\t<\/div>\n\t\t<\/section>\n\t\t\t\t<section class=\"elementor-section elementor-inner-section elementor-element elementor-element-53f5f54 elementor-section-boxed elementor-section-height-default elementor-section-height-default\" data-id=\"53f5f54\" data-element_type=\"section\">\n\t\t\t\t\t\t<div class=\"elementor-container elementor-column-gap-default\">\n\t\t\t\t\t<div class=\"elementor-column elementor-col-50 elementor-inner-column elementor-element elementor-element-e8b9269\" data-id=\"e8b9269\" data-element_type=\"column\">\n\t\t\t<div class=\"elementor-widget-wrap elementor-element-populated\">\n\t\t\t\t\t\t<div class=\"elementor-element elementor-element-d4e80ed elementor-widget elementor-widget-heading\" data-id=\"d4e80ed\" data-element_type=\"widget\" data-widget_type=\"heading.default\">\n\t\t\t\t<div class=\"elementor-widget-container\">\n\t\t\t<p class=\"elementor-heading-title elementor-size-default\">Autumn:<\/p>\t\t<\/div>\n\t\t\t\t<\/div>\n\t\t\t\t\t<\/div>\n\t\t<\/div>\n\t\t\t\t<div class=\"elementor-column elementor-col-50 elementor-inner-column elementor-element elementor-element-85df537\" data-id=\"85df537\" data-element_type=\"column\">\n\t\t\t<div class=\"elementor-widget-wrap elementor-element-populated\">\n\t\t\t\t\t\t<div class=\"elementor-element elementor-element-e5d3ff6 elementor-widget elementor-widget-text-editor\" data-id=\"e5d3ff6\" data-element_type=\"widget\" data-widget_type=\"text-editor.default\">\n\t\t\t\t<div class=\"elementor-widget-container\">\n\t\t\t\t\t\t\tEarly and rapid ripening, August and September are warm and dry with little rain. Excellent harvest, rich and beautiful acid-sugar balance, grapes harvested with excellent aromas.\t\t\t\t\t\t<\/div>\n\t\t\t\t<\/div>\n\t\t\t\t\t<\/div>\n\t\t<\/div>\n\t\t\t\t\t<\/div>\n\t\t<\/section>\n\t\t\t\t\t<\/div>\n\t\t<\/div>\n\t\t\t\t\t<\/div>\n\t\t<\/section>\n\t\t\t\t<\/div>","protected":false},"excerpt":{"rendered":"<p>MARIASY Furmint is a dry, rich white wine with a complex flavour thanks to its ageing in oak barrels.<\/p>","protected":false},"featured_media":988133,"template":"","meta":[],"product_cat":[16],"product_tag":[],"class_list":{"0":"post-988820","1":"product","2":"type-product","3":"status-publish","4":"has-post-thumbnail","6":"product_cat-uncategorized","8":"first","9":"instock","10":"shipping-taxable","11":"product-type-simple"},"yoast_head":"<!-- This site is optimized with the Yoast SEO plugin v22.0 - https:\/\/yoast.com\/wordpress\/plugins\/seo\/ -->\n<title>MARIASY FURMINT 2019 - Mariasy<\/title>\n<meta name=\"robots\" content=\"index, follow, max-snippet:-1, max-image-preview:large, max-video-preview:-1\" \/>\n<link rel=\"canonical\" href=\"https:\/\/mariasy.hu\/en\/product\/mariasy-furmint-2019\/\" \/>\n<meta property=\"og:locale\" content=\"en_GB\" \/>\n<meta property=\"og:type\" content=\"article\" \/>\n<meta property=\"og:title\" content=\"MARIASY FURMINT 2019 - Mariasy\" \/>\n<meta property=\"og:description\" content=\"A MARIASY Furmint egy sz\u00e1raz, gazdag \u00e9s a fahord\u00f3s \u00e9rlel\u00e9snek k\u00f6sz\u00f6nhet\u0151en komplex \u00edz\u0171 feh\u00e9rbor.\" \/>\n<meta property=\"og:url\" content=\"https:\/\/mariasy.hu\/en\/product\/mariasy-furmint-2019\/\" \/>\n<meta property=\"og:site_name\" content=\"Mariasy\" \/>\n<meta property=\"article:modified_time\" content=\"2023-06-07T18:12:32+00:00\" \/>\n<meta property=\"og:image\" content=\"https:\/\/mariasy.hu\/wp-content\/uploads\/2022\/11\/mariasy_palack_furmint_orig.jpg\" \/>\n\t<meta property=\"og:image:width\" content=\"563\" \/>\n\t<meta property=\"og:image:height\" content=\"820\" \/>\n\t<meta property=\"og:image:type\" content=\"image\/jpeg\" \/>\n<meta name=\"twitter:card\" content=\"summary_large_image\" \/>\n<script type=\"application\/ld+json\" class=\"yoast-schema-graph\">{\"@context\":\"https:\/\/schema.org\",\"@graph\":[{\"@type\":\"WebPage\",\"@id\":\"https:\/\/mariasy.hu\/product\/mariasy-furmint-2019\/\",\"url\":\"https:\/\/mariasy.hu\/product\/mariasy-furmint-2019\/\",\"name\":\"MARIASY FURMINT 2019 - Mariasy\",\"isPartOf\":{\"@id\":\"https:\/\/mariasy.hu\/#website\"},\"datePublished\":\"2023-06-07T10:11:53+00:00\",\"dateModified\":\"2023-06-07T18:12:32+00:00\",\"breadcrumb\":{\"@id\":\"https:\/\/mariasy.hu\/product\/mariasy-furmint-2019\/#breadcrumb\"},\"inLanguage\":\"en-GB\",\"potentialAction\":[{\"@type\":\"ReadAction\",\"target\":[\"https:\/\/mariasy.hu\/product\/mariasy-furmint-2019\/\"]}]},{\"@type\":\"BreadcrumbList\",\"@id\":\"https:\/\/mariasy.hu\/product\/mariasy-furmint-2019\/#breadcrumb\",\"itemListElement\":[{\"@type\":\"ListItem\",\"position\":1,\"name\":\"Home\",\"item\":\"https:\/\/mariasy.hu\/\"},{\"@type\":\"ListItem\",\"position\":2,\"name\":\"Term\u00e9kek\",\"item\":\"https:\/\/mariasy.hu\/shop\/\"},{\"@type\":\"ListItem\",\"position\":3,\"name\":\"MARIASY FURMINT 2019\"}]},{\"@type\":\"WebSite\",\"@id\":\"https:\/\/mariasy.hu\/#website\",\"url\":\"https:\/\/mariasy.hu\/\",\"name\":\"Mariasy\",\"description\":\"Tokaj Winery\",\"publisher\":{\"@id\":\"https:\/\/mariasy.hu\/#organization\"},\"potentialAction\":[{\"@type\":\"SearchAction\",\"target\":{\"@type\":\"EntryPoint\",\"urlTemplate\":\"https:\/\/mariasy.hu\/?s={search_term_string}\"},\"query-input\":\"required name=search_term_string\"}],\"inLanguage\":\"en-GB\"},{\"@type\":\"Organization\",\"@id\":\"https:\/\/mariasy.hu\/#organization\",\"name\":\"Mariasy\",\"url\":\"https:\/\/mariasy.hu\/\",\"logo\":{\"@type\":\"ImageObject\",\"inLanguage\":\"en-GB\",\"@id\":\"https:\/\/mariasy.hu\/#\/schema\/logo\/image\/\",\"url\":\"https:\/\/mariasy.hu\/wp-content\/uploads\/2022\/11\/MARIASY-LOGO.jpg\",\"contentUrl\":\"https:\/\/mariasy.hu\/wp-content\/uploads\/2022\/11\/MARIASY-LOGO.jpg\",\"width\":500,\"height\":500,\"caption\":\"Mariasy\"},\"image\":{\"@id\":\"https:\/\/mariasy.hu\/#\/schema\/logo\/image\/\"}}]}<\/script>\n<!-- \/ Yoast SEO plugin. -->","yoast_head_json":{"title":"MARIASY FURMINT 2019 - Mariasy","robots":{"index":"index","follow":"follow","max-snippet":"max-snippet:-1","max-image-preview":"max-image-preview:large","max-video-preview":"max-video-preview:-1"},"canonical":"https:\/\/mariasy.hu\/en\/product\/mariasy-furmint-2019\/","og_locale":"en_GB","og_type":"article","og_title":"MARIASY FURMINT 2019 - Mariasy","og_description":"A MARIASY Furmint egy sz\u00e1raz, gazdag \u00e9s a fahord\u00f3s \u00e9rlel\u00e9snek k\u00f6sz\u00f6nhet\u0151en komplex \u00edz\u0171 feh\u00e9rbor.","og_url":"https:\/\/mariasy.hu\/en\/product\/mariasy-furmint-2019\/","og_site_name":"Mariasy","article_modified_time":"2023-06-07T18:12:32+00:00","og_image":[{"width":563,"height":820,"url":"https:\/\/mariasy.hu\/wp-content\/uploads\/2022\/11\/mariasy_palack_furmint_orig.jpg","type":"image\/jpeg"}],"twitter_card":"summary_large_image","schema":{"@context":"https:\/\/schema.org","@graph":[{"@type":"WebPage","@id":"https:\/\/mariasy.hu\/product\/mariasy-furmint-2019\/","url":"https:\/\/mariasy.hu\/product\/mariasy-furmint-2019\/","name":"MARIASY FURMINT 2019 - Mariasy","isPartOf":{"@id":"https:\/\/mariasy.hu\/#website"},"datePublished":"2023-06-07T10:11:53+00:00","dateModified":"2023-06-07T18:12:32+00:00","breadcrumb":{"@id":"https:\/\/mariasy.hu\/product\/mariasy-furmint-2019\/#breadcrumb"},"inLanguage":"en-GB","potentialAction":[{"@type":"ReadAction","target":["https:\/\/mariasy.hu\/product\/mariasy-furmint-2019\/"]}]},{"@type":"BreadcrumbList","@id":"https:\/\/mariasy.hu\/product\/mariasy-furmint-2019\/#breadcrumb","itemListElement":[{"@type":"ListItem","position":1,"name":"Home","item":"https:\/\/mariasy.hu\/"},{"@type":"ListItem","position":2,"name":"Term\u00e9kek","item":"https:\/\/mariasy.hu\/shop\/"},{"@type":"ListItem","position":3,"name":"MARIASY FURMINT 2019"}]},{"@type":"WebSite","@id":"https:\/\/mariasy.hu\/#website","url":"https:\/\/mariasy.hu\/","name":"Mariasy","description":"Tokaj Winery","publisher":{"@id":"https:\/\/mariasy.hu\/#organization"},"potentialAction":[{"@type":"SearchAction","target":{"@type":"EntryPoint","urlTemplate":"https:\/\/mariasy.hu\/?s={search_term_string}"},"query-input":"required name=search_term_string"}],"inLanguage":"en-GB"},{"@type":"Organization","@id":"https:\/\/mariasy.hu\/#organization","name":"Mariasy","url":"https:\/\/mariasy.hu\/","logo":{"@type":"ImageObject","inLanguage":"en-GB","@id":"https:\/\/mariasy.hu\/#\/schema\/logo\/image\/","url":"https:\/\/mariasy.hu\/wp-content\/uploads\/2022\/11\/MARIASY-LOGO.jpg","contentUrl":"https:\/\/mariasy.hu\/wp-content\/uploads\/2022\/11\/MARIASY-LOGO.jpg","width":500,"height":500,"caption":"Mariasy"},"image":{"@id":"https:\/\/mariasy.hu\/#\/schema\/logo\/image\/"}}]}},"_links":{"self":[{"href":"https:\/\/mariasy.hu\/en\/wp-json\/wp\/v2\/product\/988820","targetHints":{"allow":["GET"]}}],"collection":[{"href":"https:\/\/mariasy.hu\/en\/wp-json\/wp\/v2\/product"}],"about":[{"href":"https:\/\/mariasy.hu\/en\/wp-json\/wp\/v2\/types\/product"}],"version-history":[{"count":14,"href":"https:\/\/mariasy.hu\/en\/wp-json\/wp\/v2\/product\/988820\/revisions"}],"predecessor-version":[{"id":988972,"href":"https:\/\/mariasy.hu\/en\/wp-json\/wp\/v2\/product\/988820\/revisions\/988972"}],"wp:featuredmedia":[{"embeddable":true,"href":"https:\/\/mariasy.hu\/en\/wp-json\/wp\/v2\/media\/988133"}],"wp:attachment":[{"href":"https:\/\/mariasy.hu\/en\/wp-json\/wp\/v2\/media?parent=988820"}],"wp:term":[{"taxonomy":"product_cat","embeddable":true,"href":"https:\/\/mariasy.hu\/en\/wp-json\/wp\/v2\/product_cat?post=988820"},{"taxonomy":"product_tag","embeddable":true,"href":"https:\/\/mariasy.hu\/en\/wp-json\/wp\/v2\/product_tag?post=988820"}],"curies":[{"name":"wp","href":"https:\/\/api.w.org\/{rel}","templated":true}]}}